{"id":316,"date":"2024-06-13T17:33:39","date_gmt":"2024-06-13T15:33:39","guid":{"rendered":"https:\/\/maglificiodavidandsons.com\/?page_id=316"},"modified":"2024-06-13T17:33:57","modified_gmt":"2024-06-13T15:33:57","slug":"privacy-policy","status":"publish","type":"page","link":"https:\/\/maglificiodavidandsons.com\/en\/privacy-policy\/","title":{"rendered":"Privacy Policy"},"content":{"rendered":"<div data-elementor-type=\"wp-page\" data-elementor-id=\"316\" class=\"elementor elementor-316\" data-elementor-post-type=\"page\">\n\t\t\t\t\t\t<section class=\"elementor-section elementor-top-section elementor-element elementor-element-1778be7 elementor-section-boxed elementor-section-height-default elementor-section-height-default\" data-id=\"1778be7\" data-element_type=\"section\" data-e-type=\"section\">\n\t\t\t\t\t\t<div class=\"elementor-container elementor-column-gap-default\">\n\t\t\t\t\t<div class=\"elementor-column elementor-col-100 elementor-top-column elementor-element elementor-element-85ef250\" data-id=\"85ef250\" data-element_type=\"column\" data-e-type=\"column\">\n\t\t\t<div class=\"elementor-widget-wrap elementor-element-populated\">\n\t\t\t\t\t\t<div class=\"elementor-element elementor-element-f10064b elementor-widget elementor-widget-text-editor\" data-id=\"f10064b\" data-element_type=\"widget\" data-e-type=\"widget\" data-widget_type=\"text-editor.default\">\n\t\t\t\t<div class=\"elementor-widget-container\">\n\t\t\t\t\t\t\t\t\t        <div data-v-11b4eedd=\"\" data-v-164ff72a=\"\" ><h4> Privacy policy <\/h4> <p> Il sito davidandsons.it \u00e8 di propriet\u00e0 di MAGLIFICIO DAVID &#038; SONS Srl, titolare del trattamento dei Suoi dati personali. <\/p> <p> We have adopted this privacy policy, which determines the treatment of the information collected by davidandsons.en in addition, the reasons for the collection of certain personal information You have related. Therefore, you should read this privacy policy before using the site davidandsons.en. <\/p> <p> We treat your personal data and we guarantee the confidentiality and security of the same. <\/p> <h4> Personal information collected: <\/h4> <p> Quando visita davidandsons.it, raccogliamo automaticamente certe informazioni sul dispositivo, incluse informazioni su browser web, indirizzo IP, fuso orario e cookie installati sul dispositivo. Inoltre, navigando sul sito, raccogliamo informazioni sulle pagine web o i prodotti visualizzati, siti web o termini di ricerca di riferimento verso il sito e come Lei interagisce con il sito. Indichiamo tali informazioni raccolte automaticamente come \u201cinformazioni sul dispositivo\u201d. Inoltre, potremmo raccogliere dati personali che ci fornisce (inclusi senza limitazione nome, cognome, indirizzo, informazioni di pagamento ecc.) durante la registrazione per soddisfare l&#8217;accordo. <\/p> <h4> Perch\u00e9 trattiamo i dati? <\/h4> <p> La sicurezza dei dati dei clienti \u00e8 una nostra priorit\u00e0, pertanto trattiamo solo i dati degli utenti strettamente necessari per gestire il sito. Le informazioni raccolte automaticamente vengono utilizzate solo per identificare casi potenziali di abuso e stabilire statistiche sull&#8217;uso del sito. Queste informazioni statistiche non sono aggregate in modo da identificare un utente specifico del sistema. <\/p> <p> Le \u00e8 consentito visitare il sito senza rivelare informazioni, tramite le quali potrebbe essere identificato personalmente. Se, tuttavia, desidera utilizzare alcune delle funzioni del sito, o desidera ricevere newsletter o fornire altri dettagli compilando un modulo, potrebbe doverci fornire dati personali come email, nome, cognome, citt\u00e0 di residenza, organizzazione e numero di telefono. Pu\u00f2 scegliere di non fornire dati personali, tuttavia in tal caso non potr\u00e0 usufruire di alcune funzioni del sito. Per esempio, non potr\u00e0 ricevere la nostra newsletter o contattarci direttamente dal sito. Gli utenti che non sanno quali informazioni sono obbligatorie, possono contattarci a info@davidandsons.it. <\/p> <h4> Your rights: <\/h4> <p> Se \u00e8 residente nell&#8217;Unione Europea, dispone dei seguenti diritti sui dati personali: <\/p> <ul> <li> The right to be informed. <\/li> <li> Il diritto all&#8217;accesso. <\/li> <li> The law of change. <\/li> <li> The right to deletion. <\/li> <li> The right to restriction of processing. <\/li> <li> Il diritto di portabilit\u00e0 dei dati. <\/li> <li> The right of objection. <\/li> <li> The law in relation to the decision and profiling automated. <\/li> <\/ul> <p> To exercise these rights, please contact us through the contact information below. <\/p> <p> Inoltre, se \u00e8 residente nell&#8217;Unione Europea, trattiamo le Sue informazioni al fine di stipulare i contratti con Lei (per esempio, in caso di ordine tramite il sito), o soddisfare in altro modo i nostri interessi commerciali legittimi indicati sopra. Ancora, notare che le informazioni possono essere trasferite fuori dall&#8217;Europa, incluso in Canada e negli Stati Uniti. <\/p> <h4> Links to other sites: <\/h4> <p> Our website may contain links to other sites that are not operated or controlled by us. Note that we are not responsible for the privacy practices of other websites or third parties. We invite you to pay attention in case you exit the web site and to read the privacy statements of each and every website that may collect personal information. <\/p> <h4> Information security: <\/h4> <p> Proteggiamo le informazioni fornite su server informatici controllati, un ambiente sicuro protetto da accesso, uso o divulgazione non autorizzata. Adottiamo sistemi di protezione fisica, tecnica e amministrativa ragionevoli per proteggere da accesso, uso, modifica e divulgazione non autorizzata delle informazioni personali in nostro possesso. Nonostante ci\u00f2, nessuna trasmissione dei dati tramite Internet o rete wireless pu\u00f2 essere completamente garantita come sicura. <\/p> <h4> Legal notice: <\/h4> <p> We will disclose information we collect, use or receive if required or permitted by law, such as to comply with orders of courts or legal proceedings similar, over which, in the case in which we believe in good faith that disclosure is necessary to protect our rights, protect your safety or the safety of others, investigate fraud or respond to governmental requests. <\/p> <h4> Contact information: <\/h4> <p> Per qualsiasi questione correlata ai diritti individuali o alle informazioni personali, pu\u00f2 inviare un&#8217;email a info@davidandsons.it.<\/p><\/div>\n\t\t\t\t\t\t\t\t<\/div>\n\t\t\t\t<\/div>\n\t\t\t\t\t<\/div>\n\t\t<\/div>\n\t\t\t\t\t<\/div>\n\t\t<\/section>\n\t\t\t\t<\/div>","protected":false},"excerpt":{"rendered":"<p>Politica sulla riservatezza Il sito davidandsons.it \u00e8 di propriet\u00e0 di MAGLIFICIO DAVID &#038; SONS Srl, titolare del trattamento dei Suoi dati personali. Abbiamo adottato questa politica sulla privacy, la quale determina il trattamento delle informazioni raccolte da davidandsons.it, oltre che i motivi per raccolta di certi dati personali a Lei correlati. Pertanto, deve leggere questa [&hellip;]<\/p>\n","protected":false},"author":1,"featured_media":0,"parent":0,"menu_order":0,"comment_status":"closed","ping_status":"closed","template":"","meta":{"footnotes":""},"class_list":["post-316","page","type-page","status-publish","hentry"],"yoast_head":"<!-- This site is optimized with the Yoast SEO plugin v27.6 - https:\/\/yoast.com\/product\/yoast-seo-wordpress\/ -->\n<title>Privacy Policy - David and Sons<\/title>\n<meta name=\"robots\" content=\"index, follow, max-snippet:-1, max-image-preview:large, max-video-preview:-1\" \/>\n<link rel=\"canonical\" href=\"https:\/\/maglificiodavidandsons.com\/en\/privacy-policy\/\" \/>\n<meta property=\"og:locale\" content=\"en_US\" \/>\n<meta property=\"og:type\" content=\"article\" \/>\n<meta property=\"og:title\" content=\"Privacy Policy - David and Sons\" \/>\n<meta property=\"og:description\" content=\"Politica sulla riservatezza Il sito davidandsons.it \u00e8 di propriet\u00e0 di MAGLIFICIO DAVID &#038; SONS Srl, titolare del trattamento dei Suoi dati personali. Abbiamo adottato questa politica sulla privacy, la quale determina il trattamento delle informazioni raccolte da davidandsons.it, oltre che i motivi per raccolta di certi dati personali a Lei correlati. Pertanto, deve leggere questa [&hellip;]\" \/>\n<meta property=\"og:url\" content=\"https:\/\/maglificiodavidandsons.com\/en\/privacy-policy\/\" \/>\n<meta property=\"og:site_name\" content=\"David and Sons\" \/>\n<meta property=\"article:modified_time\" content=\"2024-06-13T15:33:57+00:00\" \/>\n<meta property=\"og:image\" content=\"https:\/\/maglificiodavidandsons.com\/wp-content\/uploads\/2024\/06\/Favicon-1.png\" \/>\n\t<meta property=\"og:image:width\" content=\"500\" \/>\n\t<meta property=\"og:image:height\" content=\"500\" \/>\n\t<meta property=\"og:image:type\" content=\"image\/png\" \/>\n<meta name=\"twitter:card\" content=\"summary_large_image\" \/>\n<meta name=\"twitter:label1\" content=\"Est. reading time\" \/>\n\t<meta name=\"twitter:data1\" content=\"4 minutes\" \/>\n<script type=\"application\/ld+json\" class=\"yoast-schema-graph\">{\"@context\":\"https:\\\/\\\/schema.org\",\"@graph\":[{\"@type\":\"WebPage\",\"@id\":\"https:\\\/\\\/maglificiodavidandsons.com\\\/privacy-policy\\\/\",\"url\":\"https:\\\/\\\/maglificiodavidandsons.com\\\/privacy-policy\\\/\",\"name\":\"Privacy Policy - David and Sons\",\"isPartOf\":{\"@id\":\"https:\\\/\\\/maglificiodavidandsons.com\\\/#website\"},\"datePublished\":\"2024-06-13T15:33:39+00:00\",\"dateModified\":\"2024-06-13T15:33:57+00:00\",\"breadcrumb\":{\"@id\":\"https:\\\/\\\/maglificiodavidandsons.com\\\/privacy-policy\\\/#breadcrumb\"},\"inLanguage\":\"en-US\",\"potentialAction\":[{\"@type\":\"ReadAction\",\"target\":[\"https:\\\/\\\/maglificiodavidandsons.com\\\/privacy-policy\\\/\"]}]},{\"@type\":\"BreadcrumbList\",\"@id\":\"https:\\\/\\\/maglificiodavidandsons.com\\\/privacy-policy\\\/#breadcrumb\",\"itemListElement\":[{\"@type\":\"ListItem\",\"position\":1,\"name\":\"Home\",\"item\":\"https:\\\/\\\/maglificiodavidandsons.com\\\/\"},{\"@type\":\"ListItem\",\"position\":2,\"name\":\"Privacy Policy\"}]},{\"@type\":\"WebSite\",\"@id\":\"https:\\\/\\\/maglificiodavidandsons.com\\\/#website\",\"url\":\"https:\\\/\\\/maglificiodavidandsons.com\\\/\",\"name\":\"David and Sons\",\"description\":\"\",\"potentialAction\":[{\"@type\":\"SearchAction\",\"target\":{\"@type\":\"EntryPoint\",\"urlTemplate\":\"https:\\\/\\\/maglificiodavidandsons.com\\\/?s={search_term_string}\"},\"query-input\":{\"@type\":\"PropertyValueSpecification\",\"valueRequired\":true,\"valueName\":\"search_term_string\"}}],\"inLanguage\":\"en-US\"}]}<\/script>\n<!-- \/ Yoast SEO plugin. -->","yoast_head_json":{"title":"Privacy Policy - David and Sons","robots":{"index":"index","follow":"follow","max-snippet":"max-snippet:-1","max-image-preview":"max-image-preview:large","max-video-preview":"max-video-preview:-1"},"canonical":"https:\/\/maglificiodavidandsons.com\/en\/privacy-policy\/","og_locale":"en_US","og_type":"article","og_title":"Privacy Policy - David and Sons","og_description":"Politica sulla riservatezza Il sito davidandsons.it \u00e8 di propriet\u00e0 di MAGLIFICIO DAVID &#038; SONS Srl, titolare del trattamento dei Suoi dati personali. Abbiamo adottato questa politica sulla privacy, la quale determina il trattamento delle informazioni raccolte da davidandsons.it, oltre che i motivi per raccolta di certi dati personali a Lei correlati. Pertanto, deve leggere questa [&hellip;]","og_url":"https:\/\/maglificiodavidandsons.com\/en\/privacy-policy\/","og_site_name":"David and Sons","article_modified_time":"2024-06-13T15:33:57+00:00","og_image":[{"width":500,"height":500,"url":"https:\/\/maglificiodavidandsons.com\/wp-content\/uploads\/2024\/06\/Favicon-1.png","type":"image\/png"}],"twitter_card":"summary_large_image","twitter_misc":{"Est. reading time":"4 minutes"},"schema":{"@context":"https:\/\/schema.org","@graph":[{"@type":"WebPage","@id":"https:\/\/maglificiodavidandsons.com\/privacy-policy\/","url":"https:\/\/maglificiodavidandsons.com\/privacy-policy\/","name":"Privacy Policy - David and Sons","isPartOf":{"@id":"https:\/\/maglificiodavidandsons.com\/#website"},"datePublished":"2024-06-13T15:33:39+00:00","dateModified":"2024-06-13T15:33:57+00:00","breadcrumb":{"@id":"https:\/\/maglificiodavidandsons.com\/privacy-policy\/#breadcrumb"},"inLanguage":"en-US","potentialAction":[{"@type":"ReadAction","target":["https:\/\/maglificiodavidandsons.com\/privacy-policy\/"]}]},{"@type":"BreadcrumbList","@id":"https:\/\/maglificiodavidandsons.com\/privacy-policy\/#breadcrumb","itemListElement":[{"@type":"ListItem","position":1,"name":"Home","item":"https:\/\/maglificiodavidandsons.com\/"},{"@type":"ListItem","position":2,"name":"Privacy Policy"}]},{"@type":"WebSite","@id":"https:\/\/maglificiodavidandsons.com\/#website","url":"https:\/\/maglificiodavidandsons.com\/","name":"David and Sons","description":"","potentialAction":[{"@type":"SearchAction","target":{"@type":"EntryPoint","urlTemplate":"https:\/\/maglificiodavidandsons.com\/?s={search_term_string}"},"query-input":{"@type":"PropertyValueSpecification","valueRequired":true,"valueName":"search_term_string"}}],"inLanguage":"en-US"}]}},"_links":{"self":[{"href":"https:\/\/maglificiodavidandsons.com\/en\/wp-json\/wp\/v2\/pages\/316","targetHints":{"allow":["GET"]}}],"collection":[{"href":"https:\/\/maglificiodavidandsons.com\/en\/wp-json\/wp\/v2\/pages"}],"about":[{"href":"https:\/\/maglificiodavidandsons.com\/en\/wp-json\/wp\/v2\/types\/page"}],"author":[{"embeddable":true,"href":"https:\/\/maglificiodavidandsons.com\/en\/wp-json\/wp\/v2\/users\/1"}],"replies":[{"embeddable":true,"href":"https:\/\/maglificiodavidandsons.com\/en\/wp-json\/wp\/v2\/comments?post=316"}],"version-history":[{"count":4,"href":"https:\/\/maglificiodavidandsons.com\/en\/wp-json\/wp\/v2\/pages\/316\/revisions"}],"predecessor-version":[{"id":320,"href":"https:\/\/maglificiodavidandsons.com\/en\/wp-json\/wp\/v2\/pages\/316\/revisions\/320"}],"wp:attachment":[{"href":"https:\/\/maglificiodavidandsons.com\/en\/wp-json\/wp\/v2\/media?parent=316"}],"curies":[{"name":"wp","href":"https:\/\/api.w.org\/{rel}","templated":true}]}}